{"id":1817,"date":"2025-05-22T15:14:16","date_gmt":"2025-05-22T13:14:16","guid":{"rendered":"https:\/\/www.edyp.fr\/web\/?page_id=1817"},"modified":"2025-06-25T11:11:43","modified_gmt":"2025-06-25T09:11:43","slug":"histone","status":"publish","type":"page","link":"https:\/\/www.edyp.fr\/web\/research-activity\/histone\/","title":{"rendered":"Histone"},"content":{"rendered":"\t\t<div data-elementor-type=\"wp-page\" data-elementor-id=\"1817\" class=\"elementor elementor-1817\">\n\t\t\t\t\t\t<section class=\"elementor-section elementor-top-section elementor-element elementor-element-ddd82f8 elementor-section-boxed elementor-section-height-default elementor-section-height-default\" data-id=\"ddd82f8\" data-element_type=\"section\">\n\t\t\t\t\t\t<div class=\"elementor-container elementor-column-gap-default\">\n\t\t\t\t\t<div class=\"elementor-column elementor-col-100 elementor-top-column elementor-element elementor-element-942a68e\" data-id=\"942a68e\" data-element_type=\"column\">\n\t\t\t<div class=\"elementor-widget-wrap elementor-element-populated\">\n\t\t\t\t\t\t<div class=\"elementor-element elementor-element-d7482fd elementor-widget elementor-widget-image\" data-id=\"d7482fd\" data-element_type=\"widget\" data-widget_type=\"image.default\">\n\t\t\t\t<div class=\"elementor-widget-container\">\n\t\t\t\t\t\t\t\t\t\t\t\t\t\t\t<img fetchpriority=\"high\" decoding=\"async\" width=\"550\" height=\"400\" src=\"https:\/\/www.edyp.fr\/web\/wp-content\/uploads\/2019\/10\/integrative_omics-550x400.png\" class=\"attachment-sydney-medium-thumb size-sydney-medium-thumb wp-image-271\" alt=\"\" \/>\t\t\t\t\t\t\t\t\t\t\t\t\t\t\t<\/div>\n\t\t\t\t<\/div>\n\t\t\t\t<div class=\"elementor-element elementor-element-a88ae9c elementor-widget elementor-widget-heading\" data-id=\"a88ae9c\" data-element_type=\"widget\" data-widget_type=\"heading.default\">\n\t\t\t\t<div class=\"elementor-widget-container\">\n\t\t\t\t\t<h2 class=\"elementor-heading-title elementor-size-default\"><span class=\"ez-toc-section\" id=\"Histone_modifications\"><\/span>Histone modifications<span class=\"ez-toc-section-end\"><\/span><\/h2>\t\t\t\t<\/div>\n\t\t\t\t<\/div>\n\t\t\t\t<div class=\"elementor-element elementor-element-dfea65c elementor-widget elementor-widget-text-editor\" data-id=\"dfea65c\" data-element_type=\"widget\" data-widget_type=\"text-editor.default\">\n\t\t\t\t<div class=\"elementor-widget-container\">\n\t\t\t\t\t\t\t\t\t<p>Gene expression is largely regulated via the incorporation of histone variants and the dynamic modification of histones by various chemical groups. A tight regulation of these mechanisms is necessary during cellular differentiation processes; dysregulations are at stake in numerous diseases, including developmental defects, cancers and neurodegenerative diseases.\u00a0<\/p>\t\t\t\t\t\t\t\t<\/div>\n\t\t\t\t<\/div>\n\t\t\t\t<div class=\"elementor-element elementor-element-f8ff6b1 elementor-widget elementor-widget-heading\" data-id=\"f8ff6b1\" data-element_type=\"widget\" data-widget_type=\"heading.default\">\n\t\t\t\t<div class=\"elementor-widget-container\">\n\t\t\t\t\t<h4 class=\"elementor-heading-title elementor-size-default\"><span class=\"ez-toc-section\" id=\"Tackling_histone_sequence_variants_by_proteomics\"><\/span>Tackling histone sequence variants by proteomics<span class=\"ez-toc-section-end\"><\/span><\/h4>\t\t\t\t<\/div>\n\t\t\t\t<\/div>\n\t\t\t\t<div class=\"elementor-element elementor-element-6a2882c elementor-widget elementor-widget-text-editor\" data-id=\"6a2882c\" data-element_type=\"widget\" data-widget_type=\"text-editor.default\">\n\t\t\t\t<div class=\"elementor-widget-container\">\n\t\t\t\t\t\t\t\t\t<p>Histone sequence variants, which may differ by just a handful of amino acids over the protein sequence, can be precisely studied by proteomic analysis. To confidently carry out such studies, we first established a database containing an exhaustive and non-redundant list of histone sequences for mouse and human [1]. In the context of mouse spermatogenesis that is characterized by very dynamic\u00a0gene expression changes and dramatic chromatin remodeling, we demonstrated the feasibility of identifying and quantifying numerous\u00a0variants of histones H2A and H2B, including sequences that differ by a single amino acid [2].\u00a0Recently, we assessed the existence at the protein level of mouse-specific variants of histone H3 in mouse testis and brain [3]. This work allowed describing with great care the particular difficulty encountered when analyzing histones, which yield proteolytic peptides that might correspond to incredibly numerous combinations of variant x post-translational modifications (PTMs) of very same mass. This leads to challenging proteomic analyses that require both mastering the biochemical processing of histone samples before their analysis, and paying attention to low-mass informative features in fragmentation spectra [3,4,5,6].<\/p>\t\t\t\t\t\t\t\t<\/div>\n\t\t\t\t<\/div>\n\t\t\t\t<div class=\"elementor-element elementor-element-81aa49f elementor-widget elementor-widget-heading\" data-id=\"81aa49f\" data-element_type=\"widget\" data-widget_type=\"heading.default\">\n\t\t\t\t<div class=\"elementor-widget-container\">\n\t\t\t\t\t<h4 class=\"elementor-heading-title elementor-size-default\"><span class=\"ez-toc-section\" id=\"Studying_the_effects_on_gene_expression_of_the_wealth_of_histone_lysine_post-translational_modifications_by_multi-omics\"><\/span>Studying the effects on gene expression of the wealth of histone lysine post-translational modifications by multi-omics<span class=\"ez-toc-section-end\"><\/span><\/h4>\t\t\t\t<\/div>\n\t\t\t\t<\/div>\n\t\t\t\t<div class=\"elementor-element elementor-element-b2b5801 elementor-widget elementor-widget-text-editor\" data-id=\"b2b5801\" data-element_type=\"widget\" data-widget_type=\"text-editor.default\">\n\t\t\t\t<div class=\"elementor-widget-container\">\n\t\t\t\t\t\t\t\t\t<p>Our research activities particularly aim at studying the effects on gene expression of the multiple PTMs that target histone lysine residues. In particular, various acylations have been described since 2007, which resemble acetylation, yet differ in length, hydrophobicity and charge, and emerge as being endowed with specific functions compared to acetylation. All these acylations connect the histone PTM profile to cellular metabolites, more precisely to acyls-CoA (e.g. acetyl-CoA, crotonyl-CoA, etc.) and to the corresponding carboxylates (acetate, crotonate, etc.). We have carried out such explorations in the context of mouse spermatogenesis [7,9]. In particular, the proteomic analysis of histones extracted from three cellular stages of mouse spermatogenesis revealed that crotonylation was of similar stoichiometry to acetylation on histone H3 Lysine 27 (H3K27cr). Epigenomic analyses of H3K27cr and of the canonical mark H3K27ac indicated both synergistic and specific actions of each histone modification at promoters and distal enhancers [7]. We are pursuing our efforts to characterize further acylations in mouse spermatogenesis, including the more recently described lactylation.<\/p><p>Over the last years, we have expanded the study of histone lysine acylations to pathologies in which epigenetic landscapes are rewired. In particular, we contribute to deciphering the links between dysregulated metabolism and revisited histone PTM profiles in Huntington\u2019s disease (HD), a rare genetic neurodegenerative disease that primarily affects the striatum. To achieve this goal, we have established isotope tracing which allows following the kinetics of histone acetylation at multiple lysine residues after injection into mice of a heavy labeled metabolite such as glucose.<\/p><p>Over the next years, we wish to reinforce this research axis aiming at deciphering the links between imbalanced metabolism and epigenetic dysregulations, in particular in neurodegenerative diseases.<\/p>\t\t\t\t\t\t\t\t<\/div>\n\t\t\t\t<\/div>\n\t\t\t\t\t<\/div>\n\t\t<\/div>\n\t\t\t\t\t<\/div>\n\t\t<\/section>\n\t\t\t\t<section class=\"elementor-section elementor-top-section elementor-element elementor-element-89fec25 elementor-section-boxed elementor-section-height-default elementor-section-height-default\" data-id=\"89fec25\" data-element_type=\"section\">\n\t\t\t\t\t\t<div class=\"elementor-container elementor-column-gap-default\">\n\t\t\t\t\t<div class=\"elementor-column elementor-col-100 elementor-top-column elementor-element elementor-element-74e7c68\" data-id=\"74e7c68\" data-element_type=\"column\">\n\t\t\t<div class=\"elementor-widget-wrap elementor-element-populated\">\n\t\t\t\t\t\t<div class=\"elementor-element elementor-element-7ae6630 elementor-widget elementor-widget-heading\" data-id=\"7ae6630\" data-element_type=\"widget\" data-widget_type=\"heading.default\">\n\t\t\t\t<div class=\"elementor-widget-container\">\n\t\t\t\t\t<h4 class=\"elementor-heading-title elementor-size-default\"><span class=\"ez-toc-section\" id=\"EDyP_project_leader\"><\/span>EDyP project leader<span class=\"ez-toc-section-end\"><\/span><\/h4>\t\t\t\t<\/div>\n\t\t\t\t<\/div>\n\t\t\t\t<div class=\"elementor-element elementor-element-e4f9bfd elementor-widget__width-initial eael-team-align-eael-team-align-default elementor-widget elementor-widget-eael-team-member\" data-id=\"e4f9bfd\" data-element_type=\"widget\" data-widget_type=\"eael-team-member.default\">\n\t\t\t\t<div class=\"elementor-widget-container\">\n\t\t\t\t\t\n\n\t<div id=\"eael-team-member-e4f9bfd\" class=\"eael-team-item eael-team-members-simple \">\n\t\t<div class=\"eael-team-item-inner\">\n\t\t\t<div class=\"eael-team-image\">\n\t\t\t\t<figure>\n\t\t\t\t\t\t\t\t\t<\/figure>\n\t\t\t\t\n\t\t\t\t\n\t\t\t<\/div>\n\n\t\t\t<div class=\"eael-team-content\">\n\t\t\t\t<h2 class=\"eael-team-member-name\"><span class=\"ez-toc-section\" id=\"Delphine_Pflieger\"><\/span>Delphine Pflieger<span class=\"ez-toc-section-end\"><\/span><\/h2><h3 class=\"eael-team-member-position\"><span class=\"ez-toc-section\" id=\"CNRS_Researcher\"><\/span>CNRS Researcher<span class=\"ez-toc-section-end\"><\/span><\/h3>\n\t\t\t\t\t\t\t\t\t\t\t\t\t\t<p class=\"eael-team-text\"><\/p>\n\t\t\t\t\t\t\t<\/div>\n\t\t<\/div>\n\t<\/div>\n\t\t\t\t\t<\/div>\n\t\t\t\t<\/div>\n\t\t\t\t\t<\/div>\n\t\t<\/div>\n\t\t\t\t\t<\/div>\n\t\t<\/section>\n\t\t\t\t<section class=\"elementor-section elementor-top-section elementor-element elementor-element-0733513 elementor-section-boxed elementor-section-height-default elementor-section-height-default\" data-id=\"0733513\" data-element_type=\"section\">\n\t\t\t\t\t\t<div class=\"elementor-container elementor-column-gap-default\">\n\t\t\t\t\t<div class=\"elementor-column elementor-col-100 elementor-top-column elementor-element elementor-element-d275273\" data-id=\"d275273\" data-element_type=\"column\">\n\t\t\t<div class=\"elementor-widget-wrap elementor-element-populated\">\n\t\t\t\t\t\t<div class=\"elementor-element elementor-element-0c56c3b elementor-widget elementor-widget-heading\" data-id=\"0c56c3b\" data-element_type=\"widget\" data-widget_type=\"heading.default\">\n\t\t\t\t<div class=\"elementor-widget-container\">\n\t\t\t\t\t<h3 class=\"elementor-heading-title elementor-size-default\"><span class=\"ez-toc-section\" id=\"Publications\"><\/span>Publications<span class=\"ez-toc-section-end\"><\/span><\/h3>\t\t\t\t<\/div>\n\t\t\t\t<\/div>\n\t\t\t\t<div class=\"elementor-element elementor-element-9f85888 elementor-widget elementor-widget-text-editor\" data-id=\"9f85888\" data-element_type=\"widget\" data-widget_type=\"text-editor.default\">\n\t\t\t\t<div class=\"elementor-widget-container\">\n\t\t\t\t\t\t\t\t\t<ol><li>El Kennani S, Adrait S, Shaytan A, Khochbin S, Bruley C, Panchenko AR, Landsman D, Pflieger D, Govin J. <em>MS_HistoneDB, a manually curated resource for proteomic analysis of human and mouse histones<\/em>.\u00a0<strong><em>Epigenetics &amp; Chromatin<\/em><\/strong>, 2017, Jan 10;10:2. doi: 10.1186\/s13072-016-0109-x.<\/li><li>El Kennani S, Adrait A, Permiakova O, Hesse AM, Ialy-Radio C, Ferro M, Brun V, Cocquet J, Govin J, Pflieger D. <em>Systematic quantitative analysis of H2A and H2B variants by targeted proteomics.<\/em><strong><em>Epigenetics &amp; Chromatin<\/em><\/strong>, 2018,\u00a02018 Jan 12;11(1):2. doi: 10.1186\/s13072-017-0172-y.<\/li><li>Hijazi H, Manessier J, Brugiere S, Ravnsborg T, Cour\u00e7on M, Brule B, Merienne K, Jensen ON, Hesse AM, Bruley C, Pflieger D. <em>Mind Your Spectra: Points to be Aware of When Validating the Identification of Isobaric Histone Peptidoforms.<\/em> <strong><em> Proteome Res<\/em><\/strong>. 2025 May 2;24(5):2408-2418. doi: 10.1021\/acs.jproteome.4c01056.<\/li><li>El Kennani S, Crespo M, Govin J, Pflieger D. <em>Proteomic analysis of histone variants and their PTMs: strategies and pitfalls<\/em>.\u00a0<strong><em>Proteomes<\/em><\/strong>, 2018,\u00a02018 Jun 21;6(3):29. doi: 10.3390\/proteomes6030029.<\/li><li>Hseiky A, Crespo M, Kieffer-Jaquinod S, Fenaille F,\u00a0Pflieger D<strong>.<\/strong><em>Small Mass but Strong Information: Diagnostic Ions Provide Crucial Clues to Correctly Identify Histone Lysine Modifications.<\/em>\u00a0<strong><em>Proteomes<\/em><\/strong>. 2021 Apr 23;9(2):18. doi: 10.3390\/proteomes9020018.<\/li><li>Geshkovski V, Hijazi H, Manessier J, Brugi\u00e8re S, Cour\u00e7on M, Vachon G, Pflieger D, Carles CC. <em>Quantitative Profiling of Histone Variants and Posttranslational Modifications by Tandem Mass Spectrometry in Arabidopsis<\/em>. <strong><em>Methods Mol. Biol.<\/em><\/strong> 2025;2873:19-38. doi: 10.1007\/978-1-0716-4228-3_2.<\/li><li>Marion Crespo, Annelaure Damont, Melina Blanco, Emmanuelle Lastrucci, Sara El Kennani, C\u00f4me Ialy-Radio, Laila El Khattabi, Samuel Terrier, Mathilde Louwagie, Sylvie Kieffer-Jaquinod, Anne-Marie Hesse, Christophe Bruley, Sophie Chantalat, J\u00e9r\u00f4me Govin, Fran\u00e7ois Fenaille, Christophe Battail, Julie Cocquet, Delphine Pflieger. <em>Multi-omic analysis of gametogenesis reveals a novel signature at the promoters and distal enhancers of active genes.<\/em><strong><em>Nucleic Acids Res<\/em><\/strong>.\u00a02020 May 7;48(8):4115-4138. doi: 10.1093\/nar\/gkaa163.<\/li><li>Marion Crespo, Lacey J. Luense, Marie Arlotto, Jialei Hu, Jean Dorsey, Encar Garc\u00eda-Oliver, Parisha P. Shah, Delphine Pflieger, Shelley L. Berger, Jerome Govin. <em>Systematic genetic and proteomic screens during gametogenesis identify H2BK34 methylation as an evolutionary conserved meiotic mark<\/em>.\u00a0<strong><em>Epigenetics &amp; Chromatin,\u00a0<\/em><\/strong>2020 Sep 15;13(1):35. doi: 10.1186\/s13072-020-00349-5.<\/li><li>Blanco M, El Khattabi L, Gob\u00e9 C, Crespo M, Coul\u00e9e M, de la Iglesia A, Ialy-Radio C, Lapoujade C, Givelet M, Delessard M, Seller-Corona I, Yamaguchi K, Vernet N, Van Leeuwen F, Lermine A, Okada Y, Daveau R, Oliva R, Fouchet P, Ziyyat A, Pflieger D, Cocquet J. <em>DOT1L regulates chromatin reorganization and gene expression during<\/em> <em>sperm differentiation<\/em>. <strong><em>EMBO Rep<\/em><\/strong><em>.<\/em> 2023 Jun 5;24(6):e56316. doi: 10.15252\/embr.202256316. Epub 2023 Apr 26.<\/li><\/ol>\t\t\t\t\t\t\t\t<\/div>\n\t\t\t\t<\/div>\n\t\t\t\t\t<\/div>\n\t\t<\/div>\n\t\t\t\t\t<\/div>\n\t\t<\/section>\n\t\t\t\t<section class=\"elementor-section elementor-top-section elementor-element elementor-element-72d3781 elementor-section-boxed elementor-section-height-default elementor-section-height-default\" data-id=\"72d3781\" data-element_type=\"section\">\n\t\t\t\t\t\t<div class=\"elementor-container elementor-column-gap-default\">\n\t\t\t\t\t<div class=\"elementor-column elementor-col-100 elementor-top-column elementor-element elementor-element-39fb2f3\" data-id=\"39fb2f3\" data-element_type=\"column\">\n\t\t\t<div class=\"elementor-widget-wrap elementor-element-populated\">\n\t\t\t\t\t\t<div class=\"elementor-element elementor-element-27d89cd elementor-widget elementor-widget-heading\" data-id=\"27d89cd\" data-element_type=\"widget\" data-widget_type=\"heading.default\">\n\t\t\t\t<div class=\"elementor-widget-container\">\n\t\t\t\t\t<h3 class=\"elementor-heading-title elementor-size-default\"><span class=\"ez-toc-section\" id=\"Fundings\"><\/span>Fundings<span class=\"ez-toc-section-end\"><\/span><\/h3>\t\t\t\t<\/div>\n\t\t\t\t<\/div>\n\t\t\t\t<div class=\"elementor-element elementor-element-cc8c47a elementor-widget elementor-widget-text-editor\" data-id=\"cc8c47a\" data-element_type=\"widget\" data-widget_type=\"text-editor.default\">\n\t\t\t\t<div class=\"elementor-widget-container\">\n\t\t\t\t\t\t\t\t\t<ul><li>PhD fellowship from <strong>Association Huntington France<\/strong> to Hisham Altoufaily (2025-2027, co-direction Delphine Pflieger and Karine Merienne): \u201cStudy of the links between the dysregulations of metabolism and histone post-translational modifications in Huntington\u2019s disease\u201d<\/li><li><strong>ANR-funded project CRE-Subnucleosome2<\/strong> (2023-2027, coordinator Matthieu G\u00e9rard): \u201cPhysical and functional characterization of a new class of subnucleosomal particles located at cis-regulatory elements in mammals\u201d<\/li><li><strong>ANR-funded project HD-EPIeNERGY<\/strong> (2022-2026, coordinator Karine Merienne): \u201cLinking energy metabolism to chromatin in Huntington\u2019s disease\u201d<\/li><li><strong>ANR-funded project CHROMACYL<\/strong> (2022-2026, coordinator Delphine Pflieger, partners Julie Cocquet and Christophe Battail), including the PhD of Julie Manessier: \u201cStudying novel histone acylations in the regulation of gene expression\u201d<\/li><li>PhD fellowship to Olivier Feudjio (<strong>CIFRE<\/strong>, Adlin Science, 2022-2025, co-direction Delphine Pflieger and Julie Cocquet): \u201cInvestigation of the regulation of gene expression via alternative splicing and the interplay with epigenetic modifications in the context of mouse spermatogenesis\u201d.<\/li><li><strong>GRAL PhD fellowship<\/strong> to Hassan Hijazi (2021-2024, co-direction Delphine Pflieger and Karine Merienne): \u201cAltered acylation dynamics of histone H3 Lysine 27 (H3K27): a mechanism contributing to transcriptional deregulation in Huntington&#8217;s disease?\u201d<\/li><li><strong>UGA PhD fellowship<\/strong> to Marion Crespo (2016-2019)<\/li><li><strong>CEA PhD fellowship<\/strong> to Sara El Kennani (2015-2019)<\/li><\/ul>\t\t\t\t\t\t\t\t<\/div>\n\t\t\t\t<\/div>\n\t\t\t\t\t<\/div>\n\t\t<\/div>\n\t\t\t\t\t<\/div>\n\t\t<\/section>\n\t\t\t\t<\/div>\n\t\t","protected":false},"excerpt":{"rendered":"<p>Histone modifications Gene expression is largely regulated via the incorporation of histone variants and the dynamic modification of histones by various chemical [&hellip;]<\/p>\n","protected":false},"author":1,"featured_media":0,"parent":198,"menu_order":0,"comment_status":"closed","ping_status":"closed","template":"elementor_header_footer","meta":{"_themeisle_gutenberg_block_has_review":false,"footnotes":""},"class_list":["post-1817","page","type-page","status-publish","hentry"],"_links":{"self":[{"href":"https:\/\/www.edyp.fr\/web\/wp-json\/wp\/v2\/pages\/1817","targetHints":{"allow":["GET"]}}],"collection":[{"href":"https:\/\/www.edyp.fr\/web\/wp-json\/wp\/v2\/pages"}],"about":[{"href":"https:\/\/www.edyp.fr\/web\/wp-json\/wp\/v2\/types\/page"}],"author":[{"embeddable":true,"href":"https:\/\/www.edyp.fr\/web\/wp-json\/wp\/v2\/users\/1"}],"replies":[{"embeddable":true,"href":"https:\/\/www.edyp.fr\/web\/wp-json\/wp\/v2\/comments?post=1817"}],"version-history":[{"count":21,"href":"https:\/\/www.edyp.fr\/web\/wp-json\/wp\/v2\/pages\/1817\/revisions"}],"predecessor-version":[{"id":2294,"href":"https:\/\/www.edyp.fr\/web\/wp-json\/wp\/v2\/pages\/1817\/revisions\/2294"}],"up":[{"embeddable":true,"href":"https:\/\/www.edyp.fr\/web\/wp-json\/wp\/v2\/pages\/198"}],"wp:attachment":[{"href":"https:\/\/www.edyp.fr\/web\/wp-json\/wp\/v2\/media?parent=1817"}],"curies":[{"name":"wp","href":"https:\/\/api.w.org\/{rel}","templated":true}]}}